
{"id":759,"date":"2020-11-18T21:31:38","date_gmt":"2020-11-18T20:31:38","guid":{"rendered":"https:\/\/lucieflamant.be\/?page_id=759"},"modified":"2021-03-06T12:52:39","modified_gmt":"2021-03-06T11:52:39","slug":"bio-cv","status":"publish","type":"page","link":"https:\/\/lucieflamant.be\/?page_id=759","title":{"rendered":"CV"},"content":{"rendered":"\t\t<div data-elementor-type=\"wp-page\" data-elementor-id=\"759\" class=\"elementor elementor-759\" data-elementor-post-type=\"page\">\n\t\t\t\t\t\t\t\t\t<section class=\"elementor-section elementor-top-section elementor-element elementor-element-a756d05 elementor-section-boxed elementor-section-height-default elementor-section-height-default\" data-id=\"a756d05\" data-element_type=\"section\">\n\t\t\t\t\t\t<div class=\"elementor-container elementor-column-gap-default\">\n\t\t\t\t\t<div class=\"elementor-column elementor-col-33 elementor-top-column elementor-element elementor-element-2d9d066\" data-id=\"2d9d066\" data-element_type=\"column\">\n\t\t\t<div class=\"elementor-widget-wrap elementor-element-populated\">\n\t\t\t\t\t\t\t\t<div class=\"elementor-element elementor-element-c4d5a94 elementor-nav-menu--dropdown-tablet elementor-nav-menu__text-align-aside elementor-nav-menu--toggle elementor-nav-menu--burger elementor-widget elementor-widget-nav-menu\" data-id=\"c4d5a94\" data-element_type=\"widget\" data-settings=\"{&quot;layout&quot;:&quot;vertical&quot;,&quot;submenu_icon&quot;:{&quot;value&quot;:&quot;&lt;i class=\\&quot;fas fa-caret-down\\&quot;&gt;&lt;\\\/i&gt;&quot;,&quot;library&quot;:&quot;fa-solid&quot;},&quot;toggle&quot;:&quot;burger&quot;}\" data-widget_type=\"nav-menu.default\">\n\t\t\t\t<div class=\"elementor-widget-container\">\n\t\t\t\t\t\t<nav class=\"elementor-nav-menu--main elementor-nav-menu__container elementor-nav-menu--layout-vertical e--pointer-underline e--animation-fade\">\n\t\t\t\t<ul id=\"menu-1-c4d5a94\" class=\"elementor-nav-menu sm-vertical\"><li class=\"menu-item menu-item-type-post_type menu-item-object-page menu-item-home menu-item-1758\"><a href=\"https:\/\/lucieflamant.be\/\" class=\"elementor-item\">Accueil<\/a><\/li>\n<li class=\"menu-item menu-item-type-post_type menu-item-object-page menu-item-1839\"><a href=\"https:\/\/lucieflamant.be\/?page_id=759\" class=\"elementor-item\">CV<\/a><\/li>\n<li class=\"menu-item menu-item-type-post_type menu-item-object-page menu-item-763\"><a href=\"https:\/\/lucieflamant.be\/?page_id=762\" class=\"elementor-item\">Photos &#038; vid\u00e9os<\/a><\/li>\n<li class=\"menu-item menu-item-type-post_type menu-item-object-page menu-item-1350\"><a href=\"https:\/\/lucieflamant.be\/?page_id=276\" class=\"elementor-item\">Voix<\/a><\/li>\n<li class=\"menu-item menu-item-type-post_type menu-item-object-page menu-item-766\"><a href=\"https:\/\/lucieflamant.be\/?page_id=765\" class=\"elementor-item\">Presse<\/a><\/li>\n<li class=\"menu-item menu-item-type-post_type menu-item-object-page menu-item-769\"><a href=\"https:\/\/lucieflamant.be\/?page_id=768\" class=\"elementor-item\">Contact<\/a><\/li>\n<\/ul>\t\t\t<\/nav>\n\t\t\t\t\t<div class=\"elementor-menu-toggle\" role=\"button\" tabindex=\"0\" aria-label=\"Menu Toggle\" aria-expanded=\"false\">\n\t\t\t<i aria-hidden=\"true\" role=\"presentation\" class=\"elementor-menu-toggle__icon--open eicon-menu-bar\"><\/i><i aria-hidden=\"true\" role=\"presentation\" class=\"elementor-menu-toggle__icon--close eicon-close\"><\/i>\t\t\t<span class=\"elementor-screen-only\">Menu<\/span>\n\t\t<\/div>\n\t\t\t\t\t<nav class=\"elementor-nav-menu--dropdown elementor-nav-menu__container\" aria-hidden=\"true\">\n\t\t\t\t<ul id=\"menu-2-c4d5a94\" class=\"elementor-nav-menu sm-vertical\"><li class=\"menu-item menu-item-type-post_type menu-item-object-page menu-item-home menu-item-1758\"><a href=\"https:\/\/lucieflamant.be\/\" class=\"elementor-item\" tabindex=\"-1\">Accueil<\/a><\/li>\n<li class=\"menu-item menu-item-type-post_type menu-item-object-page menu-item-1839\"><a href=\"https:\/\/lucieflamant.be\/?page_id=759\" class=\"elementor-item\" tabindex=\"-1\">CV<\/a><\/li>\n<li class=\"menu-item menu-item-type-post_type menu-item-object-page menu-item-763\"><a href=\"https:\/\/lucieflamant.be\/?page_id=762\" class=\"elementor-item\" tabindex=\"-1\">Photos &#038; vid\u00e9os<\/a><\/li>\n<li class=\"menu-item menu-item-type-post_type menu-item-object-page menu-item-1350\"><a href=\"https:\/\/lucieflamant.be\/?page_id=276\" class=\"elementor-item\" tabindex=\"-1\">Voix<\/a><\/li>\n<li class=\"menu-item menu-item-type-post_type menu-item-object-page menu-item-766\"><a href=\"https:\/\/lucieflamant.be\/?page_id=765\" class=\"elementor-item\" tabindex=\"-1\">Presse<\/a><\/li>\n<li class=\"menu-item menu-item-type-post_type menu-item-object-page menu-item-769\"><a href=\"https:\/\/lucieflamant.be\/?page_id=768\" class=\"elementor-item\" tabindex=\"-1\">Contact<\/a><\/li>\n<\/ul>\t\t\t<\/nav>\n\t\t\t\t<\/div>\n\t\t\t\t<\/div>\n\t\t\t\t\t<\/div>\n\t\t<\/div>\n\t\t\t\t<div class=\"elementor-column elementor-col-66 elementor-top-column elementor-element elementor-element-bfc0466\" data-id=\"bfc0466\" data-element_type=\"column\">\n\t\t\t<div class=\"elementor-widget-wrap elementor-element-populated\">\n\t\t\t\t\t\t\t\t<div class=\"elementor-element elementor-element-286ebad elementor-widget elementor-widget-image\" data-id=\"286ebad\" data-element_type=\"widget\" data-widget_type=\"image.default\">\n\t\t\t\t<div class=\"elementor-widget-container\">\n\t\t\t\t\t\t\t\t\t\t\t\t\t\t\t<img fetchpriority=\"high\" decoding=\"async\" width=\"990\" height=\"660\" src=\"https:\/\/lucieflamant.be\/wp-content\/uploads\/2020\/11\/Credit-photo-Yves-Bourgeois-6-1024x683.jpg\" class=\"attachment-large size-large wp-image-533\" alt=\"\" srcset=\"https:\/\/lucieflamant.be\/wp-content\/uploads\/2020\/11\/Credit-photo-Yves-Bourgeois-6-1024x683.jpg 1024w, https:\/\/lucieflamant.be\/wp-content\/uploads\/2020\/11\/Credit-photo-Yves-Bourgeois-6-300x200.jpg 300w, https:\/\/lucieflamant.be\/wp-content\/uploads\/2020\/11\/Credit-photo-Yves-Bourgeois-6-768x512.jpg 768w, https:\/\/lucieflamant.be\/wp-content\/uploads\/2020\/11\/Credit-photo-Yves-Bourgeois-6-1536x1024.jpg 1536w, https:\/\/lucieflamant.be\/wp-content\/uploads\/2020\/11\/Credit-photo-Yves-Bourgeois-6-2048x1365.jpg 2048w\" sizes=\"(max-width: 990px) 100vw, 990px\" \/>\t\t\t\t\t\t\t\t\t\t\t\t\t\t\t<\/div>\n\t\t\t\t<\/div>\n\t\t\t\t\t<\/div>\n\t\t<\/div>\n\t\t\t\t\t\t\t<\/div>\n\t\t<\/section>\n\t\t\t\t<section class=\"elementor-section elementor-top-section elementor-element elementor-element-e0ab782 elementor-section-boxed elementor-section-height-default elementor-section-height-default\" data-id=\"e0ab782\" data-element_type=\"section\">\n\t\t\t\t\t\t<div class=\"elementor-container elementor-column-gap-default\">\n\t\t\t\t\t<div class=\"elementor-column elementor-col-100 elementor-top-column elementor-element elementor-element-04201f7\" data-id=\"04201f7\" data-element_type=\"column\">\n\t\t\t<div class=\"elementor-widget-wrap elementor-element-populated\">\n\t\t\t\t\t\t\t\t<section class=\"elementor-section elementor-inner-section elementor-element elementor-element-d8b429e elementor-section-boxed elementor-section-height-default elementor-section-height-default\" data-id=\"d8b429e\" data-element_type=\"section\">\n\t\t\t\t\t\t<div class=\"elementor-container elementor-column-gap-default\">\n\t\t\t\t\t<div class=\"elementor-column elementor-col-50 elementor-inner-column elementor-element elementor-element-320bb2b\" data-id=\"320bb2b\" data-element_type=\"column\">\n\t\t\t<div class=\"elementor-widget-wrap\">\n\t\t\t\t\t\t\t\t\t<\/div>\n\t\t<\/div>\n\t\t\t\t<div class=\"elementor-column elementor-col-50 elementor-inner-column elementor-element elementor-element-b4a1951\" data-id=\"b4a1951\" data-element_type=\"column\">\n\t\t\t<div class=\"elementor-widget-wrap elementor-element-populated\">\n\t\t\t\t\t\t\t\t<div class=\"elementor-element elementor-element-07d4687 elementor-widget elementor-widget-spacer\" data-id=\"07d4687\" data-element_type=\"widget\" data-widget_type=\"spacer.default\">\n\t\t\t\t<div class=\"elementor-widget-container\">\n\t\t\t\t\t<div class=\"elementor-spacer\">\n\t\t\t<div class=\"elementor-spacer-inner\"><\/div>\n\t\t<\/div>\n\t\t\t\t<\/div>\n\t\t\t\t<\/div>\n\t\t\t\t<div class=\"elementor-element elementor-element-51177fa elementor-widget elementor-widget-text-editor\" data-id=\"51177fa\" data-element_type=\"widget\" data-widget_type=\"text-editor.default\">\n\t\t\t\t<div class=\"elementor-widget-container\">\n\t\t\t\t\t\t\t<p>Type: Caucasien&nbsp;<\/p>\n<p>\u00c2ge apparent: 25 &#8211; 30 ans<\/p>\n<p>Corpulence: Ronde<\/p>\n<p>Couleur des cheveux: ch\u00e2tain clair<\/p>\n<p>Couleur des yeux: noisette<\/p>\t\t\t\t\t\t<\/div>\n\t\t\t\t<\/div>\n\t\t\t\t\t<\/div>\n\t\t<\/div>\n\t\t\t\t\t\t\t<\/div>\n\t\t<\/section>\n\t\t\t\t\t<\/div>\n\t\t<\/div>\n\t\t\t\t\t\t\t<\/div>\n\t\t<\/section>\n\t\t\t\t<section class=\"elementor-section elementor-top-section elementor-element elementor-element-f4c4530 elementor-section-stretched elementor-section-boxed elementor-section-height-default elementor-section-height-default\" data-id=\"f4c4530\" data-element_type=\"section\" data-settings=\"{&quot;stretch_section&quot;:&quot;section-stretched&quot;}\">\n\t\t\t\t\t\t<div class=\"elementor-container elementor-column-gap-default\">\n\t\t\t\t\t<div class=\"elementor-column elementor-col-100 elementor-top-column elementor-element elementor-element-af4f5fb\" data-id=\"af4f5fb\" data-element_type=\"column\">\n\t\t\t<div class=\"elementor-widget-wrap elementor-element-populated\">\n\t\t\t\t\t\t\t\t<div class=\"elementor-element elementor-element-3d730ec elementor-widget elementor-widget-image\" data-id=\"3d730ec\" data-element_type=\"widget\" data-widget_type=\"image.default\">\n\t\t\t\t<div class=\"elementor-widget-container\">\n\t\t\t\t\t\t\t\t\t\t\t\t\t\t\t<img decoding=\"async\" width=\"777\" height=\"1099\" src=\"https:\/\/lucieflamant.be\/wp-content\/uploads\/2021\/03\/cv-LUCIE-A.png\" class=\"attachment-full size-full wp-image-2101\" alt=\"\" srcset=\"https:\/\/lucieflamant.be\/wp-content\/uploads\/2021\/03\/cv-LUCIE-A.png 777w, https:\/\/lucieflamant.be\/wp-content\/uploads\/2021\/03\/cv-LUCIE-A-212x300.png 212w, https:\/\/lucieflamant.be\/wp-content\/uploads\/2021\/03\/cv-LUCIE-A-724x1024.png 724w, https:\/\/lucieflamant.be\/wp-content\/uploads\/2021\/03\/cv-LUCIE-A-768x1086.png 768w, https:\/\/lucieflamant.be\/wp-content\/uploads\/2021\/03\/cv-LUCIE-A-467x660.png 467w, https:\/\/lucieflamant.be\/wp-content\/uploads\/2021\/03\/cv-LUCIE-A-770x1089.png 770w, https:\/\/lucieflamant.be\/wp-content\/uploads\/2021\/03\/cv-LUCIE-A-370x523.png 370w\" sizes=\"(max-width: 777px) 100vw, 777px\" \/>\t\t\t\t\t\t\t\t\t\t\t\t\t\t\t<\/div>\n\t\t\t\t<\/div>\n\t\t\t\t\t<\/div>\n\t\t<\/div>\n\t\t\t\t\t\t\t<\/div>\n\t\t<\/section>\n\t\t\t\t<section class=\"elementor-section elementor-top-section elementor-element elementor-element-af3858e elementor-section-stretched elementor-section-boxed elementor-section-height-default elementor-section-height-default\" data-id=\"af3858e\" data-element_type=\"section\" data-settings=\"{&quot;stretch_section&quot;:&quot;section-stretched&quot;}\">\n\t\t\t\t\t\t<div class=\"elementor-container elementor-column-gap-default\">\n\t\t\t\t\t<div class=\"elementor-column elementor-col-100 elementor-top-column elementor-element elementor-element-be4bce7\" data-id=\"be4bce7\" data-element_type=\"column\">\n\t\t\t<div class=\"elementor-widget-wrap elementor-element-populated\">\n\t\t\t\t\t\t\t\t<div class=\"elementor-element elementor-element-f6cf271 elementor-widget elementor-widget-image\" data-id=\"f6cf271\" data-element_type=\"widget\" data-widget_type=\"image.default\">\n\t\t\t\t<div class=\"elementor-widget-container\">\n\t\t\t\t\t\t\t\t\t\t\t\t\t\t\t<img decoding=\"async\" width=\"724\" height=\"1024\" src=\"https:\/\/lucieflamant.be\/wp-content\/uploads\/2021\/02\/cv-LUCIE-B-724x1024.png\" class=\"attachment-large size-large wp-image-2029\" alt=\"\" srcset=\"https:\/\/lucieflamant.be\/wp-content\/uploads\/2021\/02\/cv-LUCIE-B-724x1024.png 724w, https:\/\/lucieflamant.be\/wp-content\/uploads\/2021\/02\/cv-LUCIE-B-212x300.png 212w, https:\/\/lucieflamant.be\/wp-content\/uploads\/2021\/02\/cv-LUCIE-B-768x1086.png 768w, https:\/\/lucieflamant.be\/wp-content\/uploads\/2021\/02\/cv-LUCIE-B-467x660.png 467w, https:\/\/lucieflamant.be\/wp-content\/uploads\/2021\/02\/cv-LUCIE-B-770x1089.png 770w, https:\/\/lucieflamant.be\/wp-content\/uploads\/2021\/02\/cv-LUCIE-B-370x523.png 370w, https:\/\/lucieflamant.be\/wp-content\/uploads\/2021\/02\/cv-LUCIE-B.png 777w\" sizes=\"(max-width: 724px) 100vw, 724px\" \/>\t\t\t\t\t\t\t\t\t\t\t\t\t\t\t<\/div>\n\t\t\t\t<\/div>\n\t\t\t\t\t<\/div>\n\t\t<\/div>\n\t\t\t\t\t\t\t<\/div>\n\t\t<\/section>\n\t\t\t\t<section class=\"elementor-section elementor-top-section elementor-element elementor-element-4fdadd0 elementor-section-boxed elementor-section-height-default elementor-section-height-default\" data-id=\"4fdadd0\" data-element_type=\"section\">\n\t\t\t\t\t\t<div class=\"elementor-container elementor-column-gap-default\">\n\t\t\t\t\t<div class=\"elementor-column elementor-col-100 elementor-top-column elementor-element elementor-element-e31591c\" data-id=\"e31591c\" data-element_type=\"column\">\n\t\t\t<div class=\"elementor-widget-wrap elementor-element-populated\">\n\t\t\t\t\t\t\t\t<div class=\"elementor-element elementor-element-48b361c elementor-widget elementor-widget-premium-addon-button\" data-id=\"48b361c\" data-element_type=\"widget\" data-widget_type=\"premium-addon-button.default\">\n\t\t\t\t<div class=\"elementor-widget-container\">\n\t\t\t\r\n\r\n\t\t<a class=\"premium-button premium-button-none premium-btn-lg premium-button-none\" href=\"https:\/\/lucieflamant.be\/wp-content\/uploads\/2021\/03\/cv_Lucie.pdf\">\r\n\t\t\t<div class=\"premium-button-text-icon-wrapper\">\r\n\t\t\t\t\r\n\t\t\t\t\t\t\t\t\t<span >\r\n\t\t\t\t\t\tT\u00e9l\u00e9charger mon CV en format pdf\t\t\t\t\t<\/span>\r\n\t\t\t\t\r\n\t\t\t\t\t\t\t<\/div>\r\n\r\n\t\t\t\r\n\t\t\t\r\n\t\t\t\r\n\t\t<\/a>\r\n\r\n\r\n\t\t\t\t<\/div>\n\t\t\t\t<\/div>\n\t\t\t\t\t<\/div>\n\t\t<\/div>\n\t\t\t\t\t\t\t<\/div>\n\t\t<\/section>\n\t\t\t\t<footer class=\"elementor-section elementor-top-section elementor-element elementor-element-4c5eaf1d elementor-section-boxed elementor-section-height-default elementor-section-height-default\" data-id=\"4c5eaf1d\" data-element_type=\"section\">\n\t\t\t\t\t\t<div class=\"elementor-container elementor-column-gap-default\">\n\t\t\t\t\t<div class=\"elementor-column elementor-col-100 elementor-top-column elementor-element elementor-element-4afb0c5e\" data-id=\"4afb0c5e\" data-element_type=\"column\">\n\t\t\t<div class=\"elementor-widget-wrap elementor-element-populated\">\n\t\t\t\t\t\t\t\t<div class=\"elementor-element elementor-element-25e84777 elementor-widget elementor-widget-text-editor\" data-id=\"25e84777\" data-element_type=\"widget\" data-widget_type=\"text-editor.default\">\n\t\t\t\t<div class=\"elementor-widget-container\">\n\t\t\t\t\t\t\t<p>Copyright \u00a9 2020 <a href=\"https:\/\/lucieflamant.be\/\">Lucie Flamant<\/a>. All Rights Reserved<\/p>\t\t\t\t\t\t<\/div>\n\t\t\t\t<\/div>\n\t\t\t\t\t<\/div>\n\t\t<\/div>\n\t\t\t\t\t\t\t<\/div>\n\t\t<\/footer>\n\t\t\t\t\t\t\t<\/div>\n\t\t","protected":false},"excerpt":{"rendered":"<p>Type: Caucasien&nbsp; \u00c2ge apparent: 25 &#8211; 30 ans Corpulence: Ronde Couleur des cheveux: ch\u00e2tain clair Couleur des yeux: noisette T\u00e9l\u00e9charger &hellip; <a href=\"https:\/\/lucieflamant.be\/?page_id=759\" class=\"more-link\"><span class=\"more-button\">Continue Reading<span class=\"screen-reader-text\">CV<\/span><\/span><\/a><\/p>\n","protected":false},"author":1,"featured_media":0,"parent":0,"menu_order":0,"comment_status":"closed","ping_status":"closed","template":"elementor_canvas","meta":{"footnotes":""},"class_list":["post-759","page","type-page","status-publish","hentry"],"_links":{"self":[{"href":"https:\/\/lucieflamant.be\/index.php?rest_route=\/wp\/v2\/pages\/759","targetHints":{"allow":["GET"]}}],"collection":[{"href":"https:\/\/lucieflamant.be\/index.php?rest_route=\/wp\/v2\/pages"}],"about":[{"href":"https:\/\/lucieflamant.be\/index.php?rest_route=\/wp\/v2\/types\/page"}],"author":[{"embeddable":true,"href":"https:\/\/lucieflamant.be\/index.php?rest_route=\/wp\/v2\/users\/1"}],"replies":[{"embeddable":true,"href":"https:\/\/lucieflamant.be\/index.php?rest_route=%2Fwp%2Fv2%2Fcomments&post=759"}],"version-history":[{"count":256,"href":"https:\/\/lucieflamant.be\/index.php?rest_route=\/wp\/v2\/pages\/759\/revisions"}],"predecessor-version":[{"id":2110,"href":"https:\/\/lucieflamant.be\/index.php?rest_route=\/wp\/v2\/pages\/759\/revisions\/2110"}],"wp:attachment":[{"href":"https:\/\/lucieflamant.be\/index.php?rest_route=%2Fwp%2Fv2%2Fmedia&parent=759"}],"curies":[{"name":"wp","href":"https:\/\/api.w.org\/{rel}","templated":true}]}}